{"id":18,"date":"2024-01-16T19:42:30","date_gmt":"2024-01-16T18:42:30","guid":{"rendered":"https:\/\/www.tyskpaavej.dk\/?page_id=18"},"modified":"2024-02-07T18:15:52","modified_gmt":"2024-02-07T17:15:52","slug":"om-projektet","status":"publish","type":"page","link":"https:\/\/www.tyskpaavej.dk\/?page_id=18","title":{"rendered":"Om projektet"},"content":{"rendered":"\n<p>Tyskfaget er udfordret i Danmark &#8211; det g\u00e6lder i folkeskolen, p\u00e5 ungdomsuddannelser og de videreg\u00e5ende uddannelser. <\/p>\n\n\n\n<p>Der er allerede gode indsatser i gang lokalt og nationalt for at motivere eleverne for faget, men der mangler en r\u00f8d tr\u00e5d, der binder de forskellige uddannelser sammen i forhold til faget og sikrer gode overgange fra folkeskole til ungdomsuddannelse samt fra ungdomsuddannelse til videreg\u00e5ende uddannelse og erhvervslivet. <\/p>\n\n\n\n<p>M\u00e5let med projektet er derfor at styrke f\u00f8dek\u00e6den hele vejen op gennem uddannelsessystemet og videre ud i erhvervslivet, til l\u00e6reruddannelserne og universiteterne. Med projektet vil vi sikre, at eleverne er motiverede for at forts\u00e6tte med faget tysk p\u00e5 deres ungdomsuddannelse, flere er motiverede til at v\u00e6lge tysk p\u00e5 A-niveau  og at eleverne indt\u00e6nker tysk som et led i deres videreg\u00e5ende uddannelse og karrierevej. <\/p>\n\n\n\n<div class=\"wp-block-columns is-layout-flex wp-container-core-columns-is-layout-9d6595d7 wp-block-columns-is-layout-flex\">\n<div class=\"wp-block-column is-layout-flow wp-block-column-is-layout-flow\">\n<p>Projektets indsatser:<\/p>\n\n\n\n<ul class=\"wp-block-list\">\n<li>Udarbejdelse af f\u00e6lles strategisk grundlag for arbejdet med den r\u00f8de tr\u00e5d i tyskfaget i folkeskoler og p\u00e5 ungdomsuddannelser i de deltagende kommuner.<\/li>\n\n\n\n<li>Seminarer og netv\u00e6rksm\u00f8der for tyskl\u00e6rere fra folkeskoler og ungdomsuddannelser i de deltagende kommuner.<\/li>\n\n\n\n<li>Brobyggende aktiviteter mellem folkeskolens overbygning og alle deltagende ungdomsuddannelser\n<ul class=\"wp-block-list\">\n<li>herunder autentiske sprogm\u00f8der<\/li>\n<\/ul>\n<\/li>\n\n\n\n<li>Samarbejde med videreg\u00e5ende uddannelser (fx UC Syd og SDU) \u2013 tilbud om praktik p\u00e5 alle deltagende ungdomsuddannelser<\/li>\n<\/ul>\n<\/div>\n\n\n\n<div class=\"wp-block-column is-layout-flow wp-block-column-is-layout-flow\">\n<p>Projektets leverancer:<\/p>\n\n\n\n<ul class=\"wp-block-list\">\n<li>Etablering af b\u00e6redygtige netv\u00e6rk og et f\u00e6lles strategisk grundlag i de deltagende kommuner.<\/li>\n\n\n\n<li>Udvikling og afpr\u00f8vning af mindst 36 brobyggende aktiviteter mellem ungdomsuddannelserne og folkeskolernes overbygning samt 10. klasse.<\/li>\n\n\n\n<li>Mindst 15 autentiske sprogm\u00f8der (tyske virksomheder, tyske skoler og tyske kulturinstitutioner).<\/li>\n\n\n\n<li>Mindst 10 brobyggende aktiviteter mellem ungdomsuddannelserne og videreg\u00e5ende uddannelser med fokus p\u00e5 tysk.<\/li>\n\n\n\n<li>Mindst 3 efteruddannelsesseminarer for tyskl\u00e6rerne p\u00e5 de deltagende skoler.<\/li>\n\n\n\n<li>Praktiktilbud for studerende p\u00e5 f.eks. SDU p\u00e5 de deltagende skoler.<\/li>\n<\/ul>\n<\/div>\n<\/div>\n\n\n\n<p>Projektet bliver st\u00f8ttet med midler fra Region Syddanmarks Uddannelsespulje.<\/p>\n\n\n\n<div class=\"wp-block-columns is-layout-flex wp-container-core-columns-is-layout-9d6595d7 wp-block-columns-is-layout-flex\">\n<div class=\"wp-block-column is-layout-flow wp-block-column-is-layout-flow\">\n<p>Projektets prim\u00e6re partnere:<br>Det Bl\u00e5 Gymnasium T\u00f8nder<br>T\u00f8nder Gymnasium<br>IBC Aabenraa<br>Aabenraa Statsskole<br>Det Bl\u00e5 Gymnasium S\u00f8nderborg<br>Alssundgymnasiet S\u00f8nderborg<br>T\u00f8nder Kommune<br>Aabenraa Kommune<\/p>\n<\/div>\n\n\n\n<div class=\"wp-block-column is-layout-flow wp-block-column-is-layout-flow\">\n<p>Projektets \u00f8vrige partnere:<br>Det Nationale Center for Fremmedsprog<br>SDU<br>UC Syd<br>Region S\u00f8nderjylland-Schleswig<\/p>\n<\/div>\n<\/div>\n","protected":false},"excerpt":{"rendered":"<p>Tyskfaget er udfordret i Danmark &#8211; det g\u00e6lder i folkeskolen, p\u00e5 ungdomsuddannelser og de videreg\u00e5ende uddannelser. Der er allerede gode indsatser i gang lokalt og nationalt for at motivere eleverne for faget, men der mangler en r\u00f8d tr\u00e5d, der binder de forskellige uddannelser sammen i forhold til faget og sikrer gode overgange fra folkeskole til [&hellip;]<\/p>\n","protected":false},"author":1,"featured_media":0,"parent":0,"menu_order":0,"comment_status":"closed","ping_status":"closed","template":"","meta":{"footnotes":""},"class_list":["post-18","page","type-page","status-publish","hentry"],"_links":{"self":[{"href":"https:\/\/www.tyskpaavej.dk\/index.php?rest_route=\/wp\/v2\/pages\/18","targetHints":{"allow":["GET"]}}],"collection":[{"href":"https:\/\/www.tyskpaavej.dk\/index.php?rest_route=\/wp\/v2\/pages"}],"about":[{"href":"https:\/\/www.tyskpaavej.dk\/index.php?rest_route=\/wp\/v2\/types\/page"}],"author":[{"embeddable":true,"href":"https:\/\/www.tyskpaavej.dk\/index.php?rest_route=\/wp\/v2\/users\/1"}],"replies":[{"embeddable":true,"href":"https:\/\/www.tyskpaavej.dk\/index.php?rest_route=%2Fwp%2Fv2%2Fcomments&post=18"}],"version-history":[{"count":9,"href":"https:\/\/www.tyskpaavej.dk\/index.php?rest_route=\/wp\/v2\/pages\/18\/revisions"}],"predecessor-version":[{"id":135,"href":"https:\/\/www.tyskpaavej.dk\/index.php?rest_route=\/wp\/v2\/pages\/18\/revisions\/135"}],"wp:attachment":[{"href":"https:\/\/www.tyskpaavej.dk\/index.php?rest_route=%2Fwp%2Fv2%2Fmedia&parent=18"}],"curies":[{"name":"wp","href":"https:\/\/api.w.org\/{rel}","templated":true}]}}