{"id":25,"date":"2024-01-16T19:43:59","date_gmt":"2024-01-16T18:43:59","guid":{"rendered":"https:\/\/www.tyskpaavej.dk\/?page_id=25"},"modified":"2024-03-31T16:42:28","modified_gmt":"2024-03-31T15:42:28","slug":"til-deltagende-undervisere","status":"publish","type":"page","link":"https:\/\/www.tyskpaavej.dk\/?page_id=25","title":{"rendered":"Til deltagende undervisere"},"content":{"rendered":"\n<p>Som underviser i projektet er du med til at vise vejen for, hvordan man kan bygge bro mellem uddannelser med tyskfaget. Dette sker ved, at du udfylder skabelonen til forl\u00f8bsbeskrivelsen, som du kan hente her:<\/p>\n\n\n\n<div class=\"wp-block-file\"><a id=\"wp-block-file--media-73dbc30a-124c-4af4-933d-23e296ca9dd1\" href=\"https:\/\/www.tyskpaavej.dk\/wp-content\/uploads\/2024\/02\/Forloebsbeskrivelse-Godt-paa-vej-med-tysk-2.docx\">Forloebsbeskrivelse-Godt-paa-vej-med-tysk<\/a><a href=\"https:\/\/www.tyskpaavej.dk\/wp-content\/uploads\/2024\/02\/Forloebsbeskrivelse-Godt-paa-vej-med-tysk-2.docx\" class=\"wp-block-file__button wp-element-button\" download aria-describedby=\"wp-block-file--media-73dbc30a-124c-4af4-933d-23e296ca9dd1\">Download<\/a><\/div>\n\n\n\n<p>N\u00e5r du er f\u00e6rdig med at udfylde skabelonen til forl\u00f8bet, skal du gemme og sende filen til&nbsp;<a href=\"mailto:ao@toha.dk\">ao@toha.dk<\/a>&nbsp;s\u00e5 bliver dit forl\u00f8b senere uploadet her til hjemmesiden.<\/p>\n\n\n\n<div class=\"wp-block-file\"><a id=\"wp-block-file--media-1de17409-953a-4f86-9bbc-7d3cd3bbc9f5\" href=\"https:\/\/www.tyskpaavej.dk\/wp-content\/uploads\/2024\/03\/Timeregistrering-Godt-paa-vej-med-tysk.xlsx\">Timeregistrering-Godt-paa-vej-med-tysk<\/a><a href=\"https:\/\/www.tyskpaavej.dk\/wp-content\/uploads\/2024\/03\/Timeregistrering-Godt-paa-vej-med-tysk.xlsx\" class=\"wp-block-file__button wp-element-button\" download aria-describedby=\"wp-block-file--media-1de17409-953a-4f86-9bbc-7d3cd3bbc9f5\">Download<\/a><\/div>\n","protected":false},"excerpt":{"rendered":"<p>Som underviser i projektet er du med til at vise vejen for, hvordan man kan bygge bro mellem uddannelser med tyskfaget. Dette sker ved, at du udfylder skabelonen til forl\u00f8bsbeskrivelsen, som du kan hente her: N\u00e5r du er f\u00e6rdig med at udfylde skabelonen til forl\u00f8bet, skal du gemme og sende filen til&nbsp;ao@toha.dk&nbsp;s\u00e5 bliver dit forl\u00f8b [&hellip;]<\/p>\n","protected":false},"author":1,"featured_media":0,"parent":0,"menu_order":0,"comment_status":"closed","ping_status":"closed","template":"","meta":{"footnotes":""},"class_list":["post-25","page","type-page","status-publish","hentry"],"_links":{"self":[{"href":"https:\/\/www.tyskpaavej.dk\/index.php?rest_route=\/wp\/v2\/pages\/25","targetHints":{"allow":["GET"]}}],"collection":[{"href":"https:\/\/www.tyskpaavej.dk\/index.php?rest_route=\/wp\/v2\/pages"}],"about":[{"href":"https:\/\/www.tyskpaavej.dk\/index.php?rest_route=\/wp\/v2\/types\/page"}],"author":[{"embeddable":true,"href":"https:\/\/www.tyskpaavej.dk\/index.php?rest_route=\/wp\/v2\/users\/1"}],"replies":[{"embeddable":true,"href":"https:\/\/www.tyskpaavej.dk\/index.php?rest_route=%2Fwp%2Fv2%2Fcomments&post=25"}],"version-history":[{"count":6,"href":"https:\/\/www.tyskpaavej.dk\/index.php?rest_route=\/wp\/v2\/pages\/25\/revisions"}],"predecessor-version":[{"id":155,"href":"https:\/\/www.tyskpaavej.dk\/index.php?rest_route=\/wp\/v2\/pages\/25\/revisions\/155"}],"wp:attachment":[{"href":"https:\/\/www.tyskpaavej.dk\/index.php?rest_route=%2Fwp%2Fv2%2Fmedia&parent=25"}],"curies":[{"name":"wp","href":"https:\/\/api.w.org\/{rel}","templated":true}]}}