{"id":27,"date":"2024-01-16T19:44:08","date_gmt":"2024-01-16T18:44:08","guid":{"rendered":"https:\/\/www.tyskpaavej.dk\/?page_id=27"},"modified":"2024-04-07T09:35:45","modified_gmt":"2024-04-07T08:35:45","slug":"kontakt","status":"publish","type":"page","link":"https:\/\/www.tyskpaavej.dk\/?page_id=27","title":{"rendered":"Kontakt"},"content":{"rendered":"\n<div class=\"wp-block-columns is-layout-flex wp-container-core-columns-is-layout-9d6595d7 wp-block-columns-is-layout-flex\">\n<div class=\"wp-block-column is-layout-flow wp-block-column-is-layout-flow\">\n<div class=\"wp-block-stackable-team-member stk-block-team-member stk-block stk-3405d15 is-style-default\" data-v=\"2\" data-block-id=\"3405d15\"><div class=\"stk-block-team-member__content stk-content-align stk-3405d15-column stk-container stk-3405d15-container stk-hover-parent\"><div class=\"stk-block-content stk-inner-blocks has-text-align-center stk-3405d15-inner-blocks\">\n<div class=\"wp-block-stackable-image stk-block-image stk-block stk-cdb500f\" data-block-id=\"cdb500f\"><style>.stk-cdb500f .stk-img-wrapper{width:150px !important;height:150px !important}.stk-cdb500f .stk-img-wrapper img,.stk-cdb500f .stk-img-wrapper::after,.stk-cdb500f .stk-img-wrapper::before{mask-image:url('data:image\/svg+xml;base64,PHN2ZyB4bWxucz0iaHR0cDovL3d3dy53My5vcmcvMjAwMC9zdmciIHZpZXdCb3g9IjAgMCAxMDAgMTAwIiBwcmVzZXJ2ZUFzcGVjdFJhdGlvPSJub25lIj48Y2lyY2xlIGN4PSI1MCIgY3k9IjUwIiByPSI1MCI+PC9jaXJjbGU+PC9zdmc+') !important;-webkit-mask-image:url('data:image\/svg+xml;base64,PHN2ZyB4bWxucz0iaHR0cDovL3d3dy53My5vcmcvMjAwMC9zdmciIHZpZXdCb3g9IjAgMCAxMDAgMTAwIiBwcmVzZXJ2ZUFzcGVjdFJhdGlvPSJub25lIj48Y2lyY2xlIGN4PSI1MCIgY3k9IjUwIiByPSI1MCI+PC9jaXJjbGU+PC9zdmc+') !important}<\/style><figure><span class=\"stk-img-wrapper stk-img--shape stk-image--shape-stretch\"><img loading=\"lazy\" decoding=\"async\" class=\"stk-img wp-image-80\" src=\"https:\/\/www.tyskpaavej.dk\/wp-content\/uploads\/2024\/02\/image1.jpg\" width=\"366\" height=\"470\" srcset=\"https:\/\/www.tyskpaavej.dk\/wp-content\/uploads\/2024\/02\/image1.jpg 366w, https:\/\/www.tyskpaavej.dk\/wp-content\/uploads\/2024\/02\/image1-234x300.jpg 234w\" sizes=\"auto, (max-width: 366px) 100vw, 366px\" \/><\/span><\/figure><\/div>\n\n\n\n<div class=\"wp-block-stackable-heading stk-block-heading stk-block-heading--v2 stk-block stk-ccb77df\" id=\"anette-okholm\" data-block-id=\"ccb77df\"><h3 class=\"stk-block-heading__text\">Anette Okholm<\/h3><\/div>\n\n\n\n<div class=\"wp-block-stackable-subtitle stk-block-subtitle stk-block stk-898ca43\" data-block-id=\"898ca43\"><p class=\"stk-block-subtitle__text stk-subtitle\">Projektleder og underviser i tysk <\/p><\/div>\n\n\n\n<div class=\"wp-block-stackable-subtitle stk-block-subtitle stk-block stk-79dd380\" data-block-id=\"79dd380\"><p class=\"stk-block-subtitle__text stk-subtitle\">T\u00f8nder Handelsskole<\/p><\/div>\n\n\n\n<div class=\"wp-block-stackable-text stk-block-text stk-block stk-030f7b5\" data-block-id=\"030f7b5\"><p class=\"stk-block-text__text\">Hvis du har sp\u00f8rgsm\u00e5l til eller om projektet, s\u00e5 er du velkommen til at kontakte Anette p\u00e5 ao@toha.dk<\/p><\/div>\n<\/div><\/div><\/div>\n<\/div>\n\n\n\n<div class=\"wp-block-column is-layout-flow wp-block-column-is-layout-flow\">\n<div class=\"wp-block-stackable-team-member stk-block-team-member stk-block stk-1cc5a46 is-style-default\" data-v=\"2\" data-block-id=\"1cc5a46\"><div class=\"stk-block-team-member__content stk-content-align stk-1cc5a46-column stk-container stk-1cc5a46-container stk-hover-parent\"><div class=\"stk-block-content stk-inner-blocks has-text-align-center stk-1cc5a46-inner-blocks\">\n<div class=\"wp-block-stackable-image stk-block-image stk-block stk-72c058f\" data-block-id=\"72c058f\"><style>.stk-72c058f .stk-img-wrapper{width:150px !important;height:150px !important}.stk-72c058f .stk-img-wrapper img,.stk-72c058f .stk-img-wrapper::after,.stk-72c058f .stk-img-wrapper::before{mask-image:url('data:image\/svg+xml;base64,PHN2ZyB4bWxucz0iaHR0cDovL3d3dy53My5vcmcvMjAwMC9zdmciIHZpZXdCb3g9IjAgMCAxMDAgMTAwIiBwcmVzZXJ2ZUFzcGVjdFJhdGlvPSJub25lIj48Y2lyY2xlIGN4PSI1MCIgY3k9IjUwIiByPSI1MCI+PC9jaXJjbGU+PC9zdmc+') !important;-webkit-mask-image:url('data:image\/svg+xml;base64,PHN2ZyB4bWxucz0iaHR0cDovL3d3dy53My5vcmcvMjAwMC9zdmciIHZpZXdCb3g9IjAgMCAxMDAgMTAwIiBwcmVzZXJ2ZUFzcGVjdFJhdGlvPSJub25lIj48Y2lyY2xlIGN4PSI1MCIgY3k9IjUwIiByPSI1MCI+PC9jaXJjbGU+PC9zdmc+') !important}<\/style><figure><span class=\"stk-img-wrapper stk-img--shape stk-image--shape-stretch\"><img loading=\"lazy\" decoding=\"async\" class=\"stk-img wp-image-84\" src=\"https:\/\/tyskperspektiv.dk\/wp-content\/uploads\/2022\/01\/OleDalsgaard-300x421-1-e1642597633862.jpeg\" width=\"299\" height=\"308\"\/><\/span><\/figure><\/div>\n\n\n\n<div class=\"wp-block-stackable-heading stk-block-heading stk-block-heading--v2 stk-block stk-79dcfe0\" id=\"ole-dalsgaard\" data-block-id=\"79dcfe0\"><h3 class=\"stk-block-heading__text\">Ole Dalsgaard<\/h3><\/div>\n\n\n\n<div class=\"wp-block-stackable-subtitle stk-block-subtitle stk-block stk-ee62d93\" data-block-id=\"ee62d93\"><p class=\"stk-block-subtitle__text stk-subtitle\">Uddannelsesleder<\/p><\/div>\n\n\n\n<div class=\"wp-block-stackable-subtitle stk-block-subtitle stk-block stk-3d5af03\" data-block-id=\"3d5af03\"><p class=\"stk-block-subtitle__text stk-subtitle\">T\u00f8nder Handelsskole<\/p><\/div>\n\n\n\n<div class=\"wp-block-stackable-text stk-block-text stk-block stk-985b117\" data-block-id=\"985b117\"><p class=\"stk-block-text__text\">Ole kan kontaktes p\u00e5 od@toha.dk<\/p><\/div>\n<\/div><\/div><\/div>\n<\/div>\n<\/div>\n","protected":false},"excerpt":{"rendered":"<p>Anette Okholm Projektleder og underviser i tysk T\u00f8nder Handelsskole Hvis du har sp\u00f8rgsm\u00e5l til eller om projektet, s\u00e5 er du velkommen til at kontakte Anette p\u00e5 ao@toha.dk Ole Dalsgaard Uddannelsesleder T\u00f8nder Handelsskole Ole kan kontaktes p\u00e5 od@toha.dk<\/p>\n","protected":false},"author":1,"featured_media":0,"parent":0,"menu_order":0,"comment_status":"closed","ping_status":"closed","template":"","meta":{"footnotes":""},"class_list":["post-27","page","type-page","status-publish","hentry"],"_links":{"self":[{"href":"https:\/\/www.tyskpaavej.dk\/index.php?rest_route=\/wp\/v2\/pages\/27","targetHints":{"allow":["GET"]}}],"collection":[{"href":"https:\/\/www.tyskpaavej.dk\/index.php?rest_route=\/wp\/v2\/pages"}],"about":[{"href":"https:\/\/www.tyskpaavej.dk\/index.php?rest_route=\/wp\/v2\/types\/page"}],"author":[{"embeddable":true,"href":"https:\/\/www.tyskpaavej.dk\/index.php?rest_route=\/wp\/v2\/users\/1"}],"replies":[{"embeddable":true,"href":"https:\/\/www.tyskpaavej.dk\/index.php?rest_route=%2Fwp%2Fv2%2Fcomments&post=27"}],"version-history":[{"count":3,"href":"https:\/\/www.tyskpaavej.dk\/index.php?rest_route=\/wp\/v2\/pages\/27\/revisions"}],"predecessor-version":[{"id":156,"href":"https:\/\/www.tyskpaavej.dk\/index.php?rest_route=\/wp\/v2\/pages\/27\/revisions\/156"}],"wp:attachment":[{"href":"https:\/\/www.tyskpaavej.dk\/index.php?rest_route=%2Fwp%2Fv2%2Fmedia&parent=27"}],"curies":[{"name":"wp","href":"https:\/\/api.w.org\/{rel}","templated":true}]}}