{"id":33,"date":"2024-01-16T19:50:05","date_gmt":"2024-01-16T18:50:05","guid":{"rendered":"https:\/\/www.tyskpaavej.dk\/?page_id=33"},"modified":"2024-02-02T19:40:14","modified_gmt":"2024-02-02T18:40:14","slug":"materiale-udviklet-i-projektet","status":"publish","type":"page","link":"https:\/\/www.tyskpaavej.dk\/?page_id=33","title":{"rendered":"Materiale udviklet i projektet"},"content":{"rendered":"\n<p>Her kan du finde materiale udviklet i projektet inden for disse tre kategorier: <\/p>\n\n\n\n<div class=\"wp-block-stackable-feature-grid alignwide stk-block-feature-grid stk-block-columns stk-block stk-729a6b2 is-style-default\" data-block-id=\"729a6b2\"><div class=\"stk-row stk-inner-blocks has-text-align-center stk-block-content stk-content-align stk-729a6b2-column alignwide\">\n<div class=\"wp-block-stackable-column stk-block-column stk-column stk-block stk-b0e5d67\" data-v=\"4\" data-block-id=\"b0e5d67\"><div class=\"stk-column-wrapper stk-block-column__content stk-container stk-b0e5d67-container stk-hover-parent\"><div class=\"stk-block-content stk-inner-blocks stk-b0e5d67-inner-blocks\">\n<div class=\"wp-block-stackable-image stk-block-image stk-block stk-40b9e21\" data-block-id=\"40b9e21\"><figure><span class=\"stk-img-wrapper stk-image--shape-stretch\"><img loading=\"lazy\" decoding=\"async\" class=\"stk-img wp-image-83\" src=\"https:\/\/www.tyskpaavej.dk\/wp-content\/uploads\/2024\/02\/Kiel-3.jpg\" width=\"640\" height=\"480\" srcset=\"https:\/\/www.tyskpaavej.dk\/wp-content\/uploads\/2024\/02\/Kiel-3.jpg 640w, https:\/\/www.tyskpaavej.dk\/wp-content\/uploads\/2024\/02\/Kiel-3-300x225.jpg 300w\" sizes=\"auto, (max-width: 640px) 100vw, 640px\" \/><\/span><\/figure><\/div>\n\n\n\n<div class=\"wp-block-stackable-heading stk-block-heading stk-block-heading--v2 stk-block stk-b35f45f\" id=\"brobyggende-aktiviteter\" data-block-id=\"b35f45f\"><h3 class=\"stk-block-heading__text\">Brobyggende aktiviteter<\/h3><\/div>\n\n\n\n<div class=\"wp-block-stackable-button-group stk-block-button-group stk-block stk-a24c639\" data-block-id=\"a24c639\"><div class=\"stk-row stk-inner-blocks stk-block-content stk-button-group\">\n<div class=\"wp-block-stackable-button stk-block-button is-style-plain stk-block stk-26ee8c1\" data-block-id=\"26ee8c1\"><style>.stk-26ee8c1 .stk-button{background:transparent !important}<\/style><a class=\"stk-link stk-button stk--hover-effect-darken\" href=\"https:\/\/www.tyskpaavej.dk\/?page_id=43\"><span class=\"stk-button__inner-text\">L\u00e6s mere<\/span><\/a><\/div>\n<\/div><\/div>\n<\/div><\/div><\/div>\n\n\n\n<div class=\"wp-block-stackable-column stk-block-column stk-column stk-block stk-a287265\" data-v=\"4\" data-block-id=\"a287265\"><div class=\"stk-column-wrapper stk-block-column__content stk-container stk-a287265-container stk-hover-parent\"><div class=\"stk-block-content stk-inner-blocks stk-a287265-inner-blocks\">\n<div class=\"wp-block-stackable-image stk-block-image stk-block stk-b2d2fc8\" data-block-id=\"b2d2fc8\"><figure><span class=\"stk-img-wrapper stk-image--shape-stretch\"><img loading=\"lazy\" decoding=\"async\" class=\"stk-img wp-image-86\" src=\"https:\/\/www.tyskpaavej.dk\/wp-content\/uploads\/2024\/02\/Flens-2-kopi-e1706899173982.png\" width=\"722\" height=\"548\" srcset=\"https:\/\/www.tyskpaavej.dk\/wp-content\/uploads\/2024\/02\/Flens-2-kopi-e1706899173982.png 722w, https:\/\/www.tyskpaavej.dk\/wp-content\/uploads\/2024\/02\/Flens-2-kopi-e1706899173982-300x228.png 300w\" sizes=\"auto, (max-width: 722px) 100vw, 722px\" \/><\/span><\/figure><\/div>\n\n\n\n<div class=\"wp-block-stackable-heading stk-block-heading stk-block-heading--v2 stk-block stk-dec57bc\" id=\"autentiske-sprogmoder\" data-block-id=\"dec57bc\"><h3 class=\"stk-block-heading__text\">Autentiske sprogm\u00f8der<\/h3><\/div>\n\n\n\n<div class=\"wp-block-stackable-button-group stk-block-button-group stk-block stk-68cd6e0\" data-block-id=\"68cd6e0\"><div class=\"stk-row stk-inner-blocks stk-block-content stk-button-group\">\n<div class=\"wp-block-stackable-button stk-block-button is-style-plain stk-block stk-6a66af9\" data-block-id=\"6a66af9\"><style>.stk-6a66af9 .stk-button{background:transparent !important}<\/style><a class=\"stk-link stk-button stk--hover-effect-darken\" href=\"https:\/\/www.tyskpaavej.dk\/?page_id=45\"><span class=\"stk-button__inner-text\">L\u00e6s mere<\/span><\/a><\/div>\n<\/div><\/div>\n<\/div><\/div><\/div>\n\n\n\n<div class=\"wp-block-stackable-column stk-block-column stk-column stk-block stk-c146130\" data-v=\"4\" data-block-id=\"c146130\"><div class=\"stk-column-wrapper stk-block-column__content stk-container stk-c146130-container stk-hover-parent\"><div class=\"stk-block-content stk-inner-blocks stk-c146130-inner-blocks\">\n<div class=\"wp-block-stackable-image stk-block-image stk-block stk-411f8f4\" data-block-id=\"411f8f4\"><figure><span class=\"stk-img-wrapper stk-image--shape-stretch\"><img loading=\"lazy\" decoding=\"async\" class=\"stk-img wp-image-88\" src=\"https:\/\/www.tyskpaavej.dk\/wp-content\/uploads\/2024\/02\/Hamborg-5-e1706899207527.jpg\" width=\"1209\" height=\"918\" srcset=\"https:\/\/www.tyskpaavej.dk\/wp-content\/uploads\/2024\/02\/Hamborg-5-e1706899207527.jpg 1209w, https:\/\/www.tyskpaavej.dk\/wp-content\/uploads\/2024\/02\/Hamborg-5-e1706899207527-300x228.jpg 300w, https:\/\/www.tyskpaavej.dk\/wp-content\/uploads\/2024\/02\/Hamborg-5-e1706899207527-1024x778.jpg 1024w, https:\/\/www.tyskpaavej.dk\/wp-content\/uploads\/2024\/02\/Hamborg-5-e1706899207527-768x583.jpg 768w\" sizes=\"auto, (max-width: 1209px) 100vw, 1209px\" \/><\/span><\/figure><\/div>\n\n\n\n<div class=\"wp-block-stackable-heading stk-block-heading stk-block-heading--v2 stk-block stk-25adf37\" id=\"faelles-strategisk-grundlag\" data-block-id=\"25adf37\"><h3 class=\"stk-block-heading__text\">F\u00e6lles strategisk grundlag<\/h3><\/div>\n\n\n\n<div class=\"wp-block-stackable-button-group stk-block-button-group stk-block stk-57f464d\" data-block-id=\"57f464d\"><div class=\"stk-row stk-inner-blocks stk-block-content stk-button-group\">\n<div class=\"wp-block-stackable-button stk-block-button is-style-plain stk-block stk-53aecb5\" data-block-id=\"53aecb5\"><style>.stk-53aecb5 .stk-button{background:transparent !important}<\/style><a class=\"stk-link stk-button stk--hover-effect-darken\" href=\"https:\/\/www.tyskpaavej.dk\/?page_id=47\"><span class=\"stk-button__inner-text\">L\u00e6s mere<\/span><\/a><\/div>\n<\/div><\/div>\n<\/div><\/div><\/div>\n<\/div><\/div>\n","protected":false},"excerpt":{"rendered":"<p>Her kan du finde materiale udviklet i projektet inden for disse tre kategorier: Brobyggende aktiviteter L\u00e6s mere Autentiske sprogm\u00f8der L\u00e6s mere F\u00e6lles strategisk grundlag L\u00e6s mere<\/p>\n","protected":false},"author":1,"featured_media":0,"parent":0,"menu_order":0,"comment_status":"closed","ping_status":"closed","template":"","meta":{"footnotes":""},"class_list":["post-33","page","type-page","status-publish","hentry"],"_links":{"self":[{"href":"https:\/\/www.tyskpaavej.dk\/index.php?rest_route=\/wp\/v2\/pages\/33","targetHints":{"allow":["GET"]}}],"collection":[{"href":"https:\/\/www.tyskpaavej.dk\/index.php?rest_route=\/wp\/v2\/pages"}],"about":[{"href":"https:\/\/www.tyskpaavej.dk\/index.php?rest_route=\/wp\/v2\/types\/page"}],"author":[{"embeddable":true,"href":"https:\/\/www.tyskpaavej.dk\/index.php?rest_route=\/wp\/v2\/users\/1"}],"replies":[{"embeddable":true,"href":"https:\/\/www.tyskpaavej.dk\/index.php?rest_route=%2Fwp%2Fv2%2Fcomments&post=33"}],"version-history":[{"count":6,"href":"https:\/\/www.tyskpaavej.dk\/index.php?rest_route=\/wp\/v2\/pages\/33\/revisions"}],"predecessor-version":[{"id":92,"href":"https:\/\/www.tyskpaavej.dk\/index.php?rest_route=\/wp\/v2\/pages\/33\/revisions\/92"}],"wp:attachment":[{"href":"https:\/\/www.tyskpaavej.dk\/index.php?rest_route=%2Fwp%2Fv2%2Fmedia&parent=33"}],"curies":[{"name":"wp","href":"https:\/\/api.w.org\/{rel}","templated":true}]}}