{"id":43,"date":"2024-01-16T19:56:42","date_gmt":"2024-01-16T18:56:42","guid":{"rendered":"https:\/\/www.tyskpaavej.dk\/?page_id=43"},"modified":"2026-04-06T10:04:19","modified_gmt":"2026-04-06T09:04:19","slug":"brobyggende-aktiviteter","status":"publish","type":"page","link":"https:\/\/www.tyskpaavej.dk\/?page_id=43","title":{"rendered":"Brobyggende aktiviteter"},"content":{"rendered":"\n<p>Her kan du se de brobyggende aktiviteter, som bliver gennemf\u00f8rt i projektet.<\/p>\n\n\n\n<div class=\"wp-block-file\"><a id=\"wp-block-file--media-f7564bd1-c296-47d5-ba83-49aa1c79a6a9\" href=\"https:\/\/www.tyskpaavej.dk\/wp-content\/uploads\/2024\/10\/Deutsche-Produkte_DBGToender.pdf\">Deutsche Produkte_DBGToender<\/a><a href=\"https:\/\/www.tyskpaavej.dk\/wp-content\/uploads\/2024\/10\/Deutsche-Produkte_DBGToender.pdf\" class=\"wp-block-file__button wp-element-button\" download aria-describedby=\"wp-block-file--media-f7564bd1-c296-47d5-ba83-49aa1c79a6a9\">Download<\/a><\/div>\n\n\n\n<div class=\"wp-block-file\"><a id=\"wp-block-file--media-39ae38f6-ed95-4dd8-8650-66dd81fbfa55\" href=\"https:\/\/www.tyskpaavej.dk\/wp-content\/uploads\/2024\/11\/Diese-Deutschen_DBG-Toender_-Toender-10_HHX1.pdf\">Diese Deutschen_DBG T\u00f8nder_ T\u00f8nder 10_HHX1<\/a><a href=\"https:\/\/www.tyskpaavej.dk\/wp-content\/uploads\/2024\/11\/Diese-Deutschen_DBG-Toender_-Toender-10_HHX1.pdf\" class=\"wp-block-file__button wp-element-button\" download aria-describedby=\"wp-block-file--media-39ae38f6-ed95-4dd8-8650-66dd81fbfa55\">Download<\/a><\/div>\n\n\n\n<div class=\"wp-block-file\"><a id=\"wp-block-file--media-e999e035-4b3c-423c-a239-50dc2d924864\" href=\"https:\/\/www.tyskpaavej.dk\/wp-content\/uploads\/2024\/11\/Turisme_EUD_CoSpaces_DBGT.pdf\">Turisme_EUD_CoSpaces_DBGT<\/a><a href=\"https:\/\/www.tyskpaavej.dk\/wp-content\/uploads\/2024\/11\/Turisme_EUD_CoSpaces_DBGT.pdf\" class=\"wp-block-file__button wp-element-button\" download aria-describedby=\"wp-block-file--media-e999e035-4b3c-423c-a239-50dc2d924864\">Download<\/a><\/div>\n\n\n\n<div class=\"wp-block-file\"><a id=\"wp-block-file--media-8e457f14-36a7-4ce7-b177-77448060d994\" href=\"https:\/\/www.tyskpaavej.dk\/wp-content\/uploads\/2024\/11\/Personligt-pitch_HHX_DBGT.pdf\">Personligt pitch_HHX_DBGT<\/a><a href=\"https:\/\/www.tyskpaavej.dk\/wp-content\/uploads\/2024\/11\/Personligt-pitch_HHX_DBGT.pdf\" class=\"wp-block-file__button wp-element-button\" download aria-describedby=\"wp-block-file--media-8e457f14-36a7-4ce7-b177-77448060d994\">Download<\/a><\/div>\n\n\n\n<div class=\"wp-block-file\"><a id=\"wp-block-file--media-1f72c489-1897-45f4-977a-7babd50e6dd3\" href=\"https:\/\/www.tyskpaavej.dk\/wp-content\/uploads\/2025\/02\/Brobygning-Sydslesvig-TG.pdf\">Brobygning-Sydslesvig-TG<\/a><a href=\"https:\/\/www.tyskpaavej.dk\/wp-content\/uploads\/2025\/02\/Brobygning-Sydslesvig-TG.pdf\" class=\"wp-block-file__button wp-element-button\" download aria-describedby=\"wp-block-file--media-1f72c489-1897-45f4-977a-7babd50e6dd3\">Download<\/a><\/div>\n\n\n\n<div class=\"wp-block-file\"><a id=\"wp-block-file--media-3f12839a-5ad4-4aa3-a6ad-2e761fe14edb\" href=\"https:\/\/www.tyskpaavej.dk\/wp-content\/uploads\/2025\/03\/Deutsch-im-Freizeitjob_Arbeiten-bei-Rema_DBGT.pdf\">Deutsch im Freizeitjob_Arbeiten bei Rema_DBGT<\/a><a href=\"https:\/\/www.tyskpaavej.dk\/wp-content\/uploads\/2025\/03\/Deutsch-im-Freizeitjob_Arbeiten-bei-Rema_DBGT.pdf\" class=\"wp-block-file__button wp-element-button\" download aria-describedby=\"wp-block-file--media-3f12839a-5ad4-4aa3-a6ad-2e761fe14edb\">Download<\/a><\/div>\n\n\n\n<div class=\"wp-block-file\"><a id=\"wp-block-file--media-0aa04fa8-051c-4c58-bb09-2cba82da7516\" href=\"https:\/\/www.tyskpaavej.dk\/wp-content\/uploads\/2025\/03\/Brobyggende-aktivitet_UC-Syd_DBGT.pdf\">Brobyggende aktivitet_UC Syd_DBGT<\/a><a href=\"https:\/\/www.tyskpaavej.dk\/wp-content\/uploads\/2025\/03\/Brobyggende-aktivitet_UC-Syd_DBGT.pdf\" class=\"wp-block-file__button wp-element-button\" download aria-describedby=\"wp-block-file--media-0aa04fa8-051c-4c58-bb09-2cba82da7516\">Download<\/a><\/div>\n\n\n\n<div class=\"wp-block-file\"><a id=\"wp-block-file--media-661bc319-d83b-499e-b61e-aac8905b9cbe\" href=\"https:\/\/www.tyskpaavej.dk\/wp-content\/uploads\/2025\/03\/Brobyggende-aktivitet_videregaaende-uddannelser_DBGT.pdf\">Brobyggende aktivitet_videreg\u00e5ende uddannelser_DBGT<\/a><a href=\"https:\/\/www.tyskpaavej.dk\/wp-content\/uploads\/2025\/03\/Brobyggende-aktivitet_videregaaende-uddannelser_DBGT.pdf\" class=\"wp-block-file__button wp-element-button\" download aria-describedby=\"wp-block-file--media-661bc319-d83b-499e-b61e-aac8905b9cbe\">Download<\/a><\/div>\n\n\n\n<div class=\"wp-block-file\"><a id=\"wp-block-file--media-58036165-73ca-42eb-9a93-7ac86db5aa31\" href=\"https:\/\/www.tyskpaavej.dk\/wp-content\/uploads\/2025\/04\/Brobyggende-aktivitet_videregaaende-uddannelser_Aabenraa-Statsskole.pdf\">Brobyggende aktivitet_videreg\u00e5ende uddannelser_Aabenraa Statsskole<\/a><a href=\"https:\/\/www.tyskpaavej.dk\/wp-content\/uploads\/2025\/04\/Brobyggende-aktivitet_videregaaende-uddannelser_Aabenraa-Statsskole.pdf\" class=\"wp-block-file__button wp-element-button\" download aria-describedby=\"wp-block-file--media-58036165-73ca-42eb-9a93-7ac86db5aa31\">Download<\/a><\/div>\n\n\n\n<div class=\"wp-block-file\"><a id=\"wp-block-file--media-32d019be-df4a-46b6-89be-9113a61af526\" href=\"https:\/\/www.tyskpaavej.dk\/wp-content\/uploads\/2025\/04\/Brobyggende-aktivitet_Toender-Overbygningsskole_foodtruck_DBGT.pdf\">Brobyggende aktivitet_T\u00f8nder Overbygningsskole_foodtruck_DBGT<\/a><a href=\"https:\/\/www.tyskpaavej.dk\/wp-content\/uploads\/2025\/04\/Brobyggende-aktivitet_Toender-Overbygningsskole_foodtruck_DBGT.pdf\" class=\"wp-block-file__button wp-element-button\" download aria-describedby=\"wp-block-file--media-32d019be-df4a-46b6-89be-9113a61af526\">Download<\/a><\/div>\n\n\n\n<div class=\"wp-block-file\"><a id=\"wp-block-file--media-be0fb281-c3fa-4d64-b19d-63b1b79375c0\" href=\"https:\/\/www.tyskpaavej.dk\/wp-content\/uploads\/2025\/04\/Brobyggende-aktivitet_Aabenraa-Kommune_Tinglev-Skole_IBC-Aabenraa.pdf\">Brobyggende aktivitet_Aabenraa Kommune_Tinglev Skole_IBC Aabenraa<\/a><a href=\"https:\/\/www.tyskpaavej.dk\/wp-content\/uploads\/2025\/04\/Brobyggende-aktivitet_Aabenraa-Kommune_Tinglev-Skole_IBC-Aabenraa.pdf\" class=\"wp-block-file__button wp-element-button\" download aria-describedby=\"wp-block-file--media-be0fb281-c3fa-4d64-b19d-63b1b79375c0\">Download<\/a><\/div>\n\n\n\n<div class=\"wp-block-file\"><a id=\"wp-block-file--media-cff65047-ddda-48e4-9e86-68d11225fedd\" href=\"https:\/\/www.tyskpaavej.dk\/wp-content\/uploads\/2025\/04\/Brobyggende-aktivitet_fodbold_DBG.pdf\">Brobyggende aktivitet_fodbold_DBG<\/a><a href=\"https:\/\/www.tyskpaavej.dk\/wp-content\/uploads\/2025\/04\/Brobyggende-aktivitet_fodbold_DBG.pdf\" class=\"wp-block-file__button wp-element-button\" download aria-describedby=\"wp-block-file--media-cff65047-ddda-48e4-9e86-68d11225fedd\">Download<\/a><\/div>\n\n\n\n<div class=\"wp-block-file\"><a id=\"wp-block-file--media-3566aaf0-cbc6-424d-bf82-e624bb83b337\" href=\"https:\/\/www.tyskpaavej.dk\/wp-content\/uploads\/2025\/05\/Brobyggende-aktivitet_haandbold_DBGT.pdf\">Brobyggende aktivitet_h\u00e5ndbold_DBGT<\/a><a href=\"https:\/\/www.tyskpaavej.dk\/wp-content\/uploads\/2025\/05\/Brobyggende-aktivitet_haandbold_DBGT.pdf\" class=\"wp-block-file__button wp-element-button\" download aria-describedby=\"wp-block-file--media-3566aaf0-cbc6-424d-bf82-e624bb83b337\">Download<\/a><\/div>\n\n\n\n<div class=\"wp-block-file\"><a id=\"wp-block-file--media-52638aa8-fb8f-47d0-b1a6-ebe4fc2a185a\" href=\"https:\/\/www.tyskpaavej.dk\/wp-content\/uploads\/2025\/05\/Brobyggende-aktivitet_ny-sprogbevisproeve_DBGT.pdf\">Brobyggende aktivitet_ny sprogbevispr\u00f8ve_DBGT<\/a><a href=\"https:\/\/www.tyskpaavej.dk\/wp-content\/uploads\/2025\/05\/Brobyggende-aktivitet_ny-sprogbevisproeve_DBGT.pdf\" class=\"wp-block-file__button wp-element-button\" download aria-describedby=\"wp-block-file--media-52638aa8-fb8f-47d0-b1a6-ebe4fc2a185a\">Download<\/a><\/div>\n\n\n\n<div class=\"wp-block-file\"><a id=\"wp-block-file--media-86dcd1d9-55cc-4971-8c65-d2c40dc231ec\" href=\"https:\/\/www.tyskpaavej.dk\/wp-content\/uploads\/2025\/06\/Brobyggende-aktivitet_DBGS-1.pdf\">Brobyggende aktivitet_DBGS<\/a><a href=\"https:\/\/www.tyskpaavej.dk\/wp-content\/uploads\/2025\/06\/Brobyggende-aktivitet_DBGS-1.pdf\" class=\"wp-block-file__button wp-element-button\" download aria-describedby=\"wp-block-file--media-86dcd1d9-55cc-4971-8c65-d2c40dc231ec\">Download<\/a><\/div>\n\n\n\n<div class=\"wp-block-file\"><a id=\"wp-block-file--media-534fb2aa-f01d-4aa2-8ce1-43328086592a\" href=\"https:\/\/www.tyskpaavej.dk\/wp-content\/uploads\/2025\/09\/Brobygning_EUD_sich-vorstellen_DBGT.pdf\">Brobygning_EUD_sich vorstellen_DBGT<\/a><a href=\"https:\/\/www.tyskpaavej.dk\/wp-content\/uploads\/2025\/09\/Brobygning_EUD_sich-vorstellen_DBGT.pdf\" class=\"wp-block-file__button wp-element-button\" download aria-describedby=\"wp-block-file--media-534fb2aa-f01d-4aa2-8ce1-43328086592a\">Download<\/a><\/div>\n\n\n\n<div class=\"wp-block-file\"><a id=\"wp-block-file--media-93784e8f-185c-4f2a-a70c-a56e01fc5eba\" href=\"https:\/\/www.tyskpaavej.dk\/wp-content\/uploads\/2025\/11\/Brobyggende-aktivitet_sporttysk-og-branding_DBG-Toender.pdf\">Brobyggende aktivitet_sport,tysk og branding_DBG T\u00f8nder<\/a><a href=\"https:\/\/www.tyskpaavej.dk\/wp-content\/uploads\/2025\/11\/Brobyggende-aktivitet_sporttysk-og-branding_DBG-Toender.pdf\" class=\"wp-block-file__button wp-element-button\" download aria-describedby=\"wp-block-file--media-93784e8f-185c-4f2a-a70c-a56e01fc5eba\">Download<\/a><\/div>\n\n\n\n<div class=\"wp-block-file\"><a id=\"wp-block-file--media-70b72833-bd60-4abd-81a2-9e0314ddbd0c\" href=\"https:\/\/www.tyskpaavej.dk\/wp-content\/uploads\/2025\/11\/Brobygning_EUD_10.klasse_Foodtruck_DBGT.pdf\">Brobygning_EUD_10.klasse_Foodtruck_DBGT<\/a><a href=\"https:\/\/www.tyskpaavej.dk\/wp-content\/uploads\/2025\/11\/Brobygning_EUD_10.klasse_Foodtruck_DBGT.pdf\" class=\"wp-block-file__button wp-element-button\" download aria-describedby=\"wp-block-file--media-70b72833-bd60-4abd-81a2-9e0314ddbd0c\">Download<\/a><\/div>\n\n\n\n<div class=\"wp-block-file\"><a id=\"wp-block-file--media-cb605b67-e891-4ca5-851a-608b19efddf1\" href=\"https:\/\/www.tyskpaavej.dk\/wp-content\/uploads\/2025\/11\/Brobygning-10_Aabenraa_IBC-Aabenraa.pdf\">Brobygning 10_Aabenraa_IBC Aabenraa<\/a><a href=\"https:\/\/www.tyskpaavej.dk\/wp-content\/uploads\/2025\/11\/Brobygning-10_Aabenraa_IBC-Aabenraa.pdf\" class=\"wp-block-file__button wp-element-button\" download aria-describedby=\"wp-block-file--media-cb605b67-e891-4ca5-851a-608b19efddf1\">Download<\/a><\/div>\n\n\n\n<div class=\"wp-block-file\"><a id=\"wp-block-file--media-c07c76dc-c960-4c0d-a258-3586160bf75a\" href=\"https:\/\/www.tyskpaavej.dk\/wp-content\/uploads\/2025\/11\/Brobyggende-aktivitet_10.klasse_EUD_Birkenstock_DBGT.pdf\">Brobyggende aktivitet_10.klasse_EUD_Birkenstock_DBGT<\/a><a href=\"https:\/\/www.tyskpaavej.dk\/wp-content\/uploads\/2025\/11\/Brobyggende-aktivitet_10.klasse_EUD_Birkenstock_DBGT.pdf\" class=\"wp-block-file__button wp-element-button\" download aria-describedby=\"wp-block-file--media-c07c76dc-c960-4c0d-a258-3586160bf75a\">Download<\/a><\/div>\n\n\n\n<div class=\"wp-block-file\"><a id=\"wp-block-file--media-e9f3dfd1-7ad4-4a14-8e9c-76c2c47c238d\" href=\"https:\/\/www.tyskpaavej.dk\/wp-content\/uploads\/2025\/12\/Brobyggende-aktivitet_Botschaft_TG.pdf\">Brobyggende aktivitet_Botschaft_TG<\/a><a href=\"https:\/\/www.tyskpaavej.dk\/wp-content\/uploads\/2025\/12\/Brobyggende-aktivitet_Botschaft_TG.pdf\" class=\"wp-block-file__button wp-element-button\" download aria-describedby=\"wp-block-file--media-e9f3dfd1-7ad4-4a14-8e9c-76c2c47c238d\">Download<\/a><\/div>\n\n\n\n<div class=\"wp-block-file\"><a id=\"wp-block-file--media-344125e6-8650-4894-b182-a73820c9f18b\" href=\"https:\/\/www.tyskpaavej.dk\/wp-content\/uploads\/2025\/12\/Brobyggende-aktivitet_normal_DBGS.pdf\">Brobyggende aktivitet_normal_DBGS<\/a><a href=\"https:\/\/www.tyskpaavej.dk\/wp-content\/uploads\/2025\/12\/Brobyggende-aktivitet_normal_DBGS.pdf\" class=\"wp-block-file__button wp-element-button\" download aria-describedby=\"wp-block-file--media-344125e6-8650-4894-b182-a73820c9f18b\">Download<\/a><\/div>\n\n\n\n<div class=\"wp-block-file\"><a id=\"wp-block-file--media-7b4ca1b1-a835-433f-96ac-6044897cd0b5\" href=\"https:\/\/www.tyskpaavej.dk\/wp-content\/uploads\/2025\/12\/Brobygning-SDU-Soenderborg_DBGS.pdf\">Brobygning SDU S\u00f8nderborg_DBGS<\/a><a href=\"https:\/\/www.tyskpaavej.dk\/wp-content\/uploads\/2025\/12\/Brobygning-SDU-Soenderborg_DBGS.pdf\" class=\"wp-block-file__button wp-element-button\" download aria-describedby=\"wp-block-file--media-7b4ca1b1-a835-433f-96ac-6044897cd0b5\">Download<\/a><\/div>\n\n\n\n<div class=\"wp-block-file\"><a id=\"wp-block-file--media-4f5aecda-be9d-4577-8aef-f5af2c66e929\" href=\"https:\/\/www.tyskpaavej.dk\/wp-content\/uploads\/2025\/12\/Brobygning-SDU-Odense_DBGS.pdf\">Brobygning SDU Odense_DBGS<\/a><a href=\"https:\/\/www.tyskpaavej.dk\/wp-content\/uploads\/2025\/12\/Brobygning-SDU-Odense_DBGS.pdf\" class=\"wp-block-file__button wp-element-button\" download aria-describedby=\"wp-block-file--media-4f5aecda-be9d-4577-8aef-f5af2c66e929\">Download<\/a><\/div>\n\n\n\n<div class=\"wp-block-file\"><a id=\"wp-block-file--media-b9f9d396-50c5-4ca6-8b89-d33f2a3106f8\" href=\"https:\/\/www.tyskpaavej.dk\/wp-content\/uploads\/2025\/12\/Brobyggende-aktivitet_DBGS_WirtschaftundTourismus.pdf\">Brobyggende aktivitet_DBGS_WirtschaftundTourismus<\/a><a href=\"https:\/\/www.tyskpaavej.dk\/wp-content\/uploads\/2025\/12\/Brobyggende-aktivitet_DBGS_WirtschaftundTourismus.pdf\" class=\"wp-block-file__button wp-element-button\" download aria-describedby=\"wp-block-file--media-b9f9d396-50c5-4ca6-8b89-d33f2a3106f8\">Download<\/a><\/div>\n\n\n\n<div class=\"wp-block-file\"><a id=\"wp-block-file--media-f709ead1-1363-4784-9228-3097dea7a10b\" href=\"https:\/\/www.tyskpaavej.dk\/wp-content\/uploads\/2026\/01\/Brobyggende-aktivitet_ABSS_tysk_psykologi.pdf\">Brobyggende aktivitet_ABSS_tysk_psykologi<\/a><a href=\"https:\/\/www.tyskpaavej.dk\/wp-content\/uploads\/2026\/01\/Brobyggende-aktivitet_ABSS_tysk_psykologi.pdf\" class=\"wp-block-file__button wp-element-button\" download aria-describedby=\"wp-block-file--media-f709ead1-1363-4784-9228-3097dea7a10b\">Download<\/a><\/div>\n\n\n\n<div class=\"wp-block-file\"><a id=\"wp-block-file--media-39cc6ba8-f4b9-4583-8719-455b9ce98473\" href=\"https:\/\/www.tyskpaavej.dk\/wp-content\/uploads\/2026\/01\/Brobyggende-aktivitet_Botschafter_ABSS.docx\">Brobyggende aktivitet_Botschafter_ABSS<\/a><a href=\"https:\/\/www.tyskpaavej.dk\/wp-content\/uploads\/2026\/01\/Brobyggende-aktivitet_Botschafter_ABSS.docx\" class=\"wp-block-file__button wp-element-button\" download aria-describedby=\"wp-block-file--media-39cc6ba8-f4b9-4583-8719-455b9ce98473\">Download<\/a><\/div>\n\n\n\n<div class=\"wp-block-file\"><a id=\"wp-block-file--media-8b46d2f5-8724-49c0-822c-a688cc5d8f20\" href=\"https:\/\/www.tyskpaavej.dk\/wp-content\/uploads\/2026\/01\/Brobyggende-aktivitet_AGS_8.klasse.pdf\">Brobyggende aktivitet_AGS_8.klasse<\/a><a href=\"https:\/\/www.tyskpaavej.dk\/wp-content\/uploads\/2026\/01\/Brobyggende-aktivitet_AGS_8.klasse.pdf\" class=\"wp-block-file__button wp-element-button\" download aria-describedby=\"wp-block-file--media-8b46d2f5-8724-49c0-822c-a688cc5d8f20\">Download<\/a><\/div>\n\n\n\n<div class=\"wp-block-file\"><a id=\"wp-block-file--media-9d750bbd-6d25-4b74-b706-e9a52ca7a516\" href=\"https:\/\/www.tyskpaavej.dk\/wp-content\/uploads\/2026\/01\/Brobyggende-aktivitet_AGS_9.klasse-1.pdf\">Brobyggende aktivitet_AGS_9.klasse<\/a><a href=\"https:\/\/www.tyskpaavej.dk\/wp-content\/uploads\/2026\/01\/Brobyggende-aktivitet_AGS_9.klasse-1.pdf\" class=\"wp-block-file__button wp-element-button\" download aria-describedby=\"wp-block-file--media-9d750bbd-6d25-4b74-b706-e9a52ca7a516\">Download<\/a><\/div>\n\n\n\n<div class=\"wp-block-file\"><a id=\"wp-block-file--media-666e02ef-b568-4c09-80cb-778c369ae1cd\" href=\"https:\/\/www.tyskpaavej.dk\/wp-content\/uploads\/2026\/04\/Brobyggende-aktivitet_TG_DBGT_afproevning-og-opfoelgning_sprogbevisproever_2026.pdf\">Brobyggende aktivitet_TG_DBGT_afpr\u00f8vning og opf\u00f8lgning_sprogbevispr\u00f8ver_2026<\/a><a href=\"https:\/\/www.tyskpaavej.dk\/wp-content\/uploads\/2026\/04\/Brobyggende-aktivitet_TG_DBGT_afproevning-og-opfoelgning_sprogbevisproever_2026.pdf\" class=\"wp-block-file__button wp-element-button\" download aria-describedby=\"wp-block-file--media-666e02ef-b568-4c09-80cb-778c369ae1cd\">Download<\/a><\/div>\n\n\n\n<div class=\"wp-block-file\"><a id=\"wp-block-file--media-1272239e-0695-4761-8d30-06d711e38424\" href=\"https:\/\/www.tyskpaavej.dk\/wp-content\/uploads\/2026\/04\/Brobyggende-aktivitet_scener-fra-tysk_DBG-Toender.pdf\">Brobyggende aktivitet_scener fra tysk_DBG T\u00f8nder<\/a><a href=\"https:\/\/www.tyskpaavej.dk\/wp-content\/uploads\/2026\/04\/Brobyggende-aktivitet_scener-fra-tysk_DBG-Toender.pdf\" class=\"wp-block-file__button wp-element-button\" download aria-describedby=\"wp-block-file--media-1272239e-0695-4761-8d30-06d711e38424\">Download<\/a><\/div>\n","protected":false},"excerpt":{"rendered":"<p>Her kan du se de brobyggende aktiviteter, som bliver gennemf\u00f8rt i projektet.<\/p>\n","protected":false},"author":1,"featured_media":0,"parent":33,"menu_order":0,"comment_status":"closed","ping_status":"closed","template":"","meta":{"footnotes":""},"class_list":["post-43","page","type-page","status-publish","hentry"],"_links":{"self":[{"href":"https:\/\/www.tyskpaavej.dk\/index.php?rest_route=\/wp\/v2\/pages\/43","targetHints":{"allow":["GET"]}}],"collection":[{"href":"https:\/\/www.tyskpaavej.dk\/index.php?rest_route=\/wp\/v2\/pages"}],"about":[{"href":"https:\/\/www.tyskpaavej.dk\/index.php?rest_route=\/wp\/v2\/types\/page"}],"author":[{"embeddable":true,"href":"https:\/\/www.tyskpaavej.dk\/index.php?rest_route=\/wp\/v2\/users\/1"}],"replies":[{"embeddable":true,"href":"https:\/\/www.tyskpaavej.dk\/index.php?rest_route=%2Fwp%2Fv2%2Fcomments&post=43"}],"version-history":[{"count":42,"href":"https:\/\/www.tyskpaavej.dk\/index.php?rest_route=\/wp\/v2\/pages\/43\/revisions"}],"predecessor-version":[{"id":446,"href":"https:\/\/www.tyskpaavej.dk\/index.php?rest_route=\/wp\/v2\/pages\/43\/revisions\/446"}],"up":[{"embeddable":true,"href":"https:\/\/www.tyskpaavej.dk\/index.php?rest_route=\/wp\/v2\/pages\/33"}],"wp:attachment":[{"href":"https:\/\/www.tyskpaavej.dk\/index.php?rest_route=%2Fwp%2Fv2%2Fmedia&parent=43"}],"curies":[{"name":"wp","href":"https:\/\/api.w.org\/{rel}","templated":true}]}}